{"id":2563,"date":"2022-10-04T13:52:32","date_gmt":"2022-10-04T10:52:32","guid":{"rendered":"https:\/\/empl.ee\/?page_id=2563"},"modified":"2023-06-30T12:44:28","modified_gmt":"2023-06-30T09:44:28","slug":"education","status":"publish","type":"page","link":"https:\/\/empl.ee\/en\/koduleht\/education\/","title":{"rendered":"Education"},"content":{"rendered":"<h3>Koolid<\/h3>\n<ul>\n<li><a href=\"https:\/\/taltech.ee\" target=\"_blank\" rel=\"noopener\">Tallinna Tehnika\u00fclikool<\/a>\n<ul>\n<li><a href=\"https:\/\/taltech.ee\/materjali-ja-keskkonnatehnoloogia-instituut\/puidutehnoloogia-labor\" target=\"_blank\" rel=\"noopener\">Puidutehnoloogia labor<\/a><\/li>\n<\/ul>\n<\/li>\n<li><a href=\"https:\/\/www.emu.ee\" target=\"_blank\" rel=\"noopener\">Eesti Maa\u00fclikool<\/a>\n<ul>\n<li><a href=\"https:\/\/mi.emu.ee\" target=\"_blank\" rel=\"noopener\">Metsanduse ja inseneeria instituut<\/a><\/li>\n<\/ul>\n<\/li>\n<li><a href=\"http:\/\/www.luua.edu.ee\/\" target=\"_blank\" rel=\"noopener\">Luua Metsanduskool<\/a><\/li>\n<li><a href=\"https:\/\/www.vkhk.ee\" target=\"_blank\" rel=\"noopener\">V\u00f5rumaa Kutsehariduskeskus<\/a><\/li>\n<\/ul>\n<h3>Kaitstud magistrit\u00f6\u00f6d<\/h3>\n<p><strong>T\u00f6\u00f6dega saab tutvuda<\/strong><\/p>\n<ul>\n<li>EM\u00dc <a href=\"http:\/\/dspace.emu.ee\/xmlui\/handle\/10492\/1\" target=\"_blank\" rel=\"noopener\">digitaalarhiivis<\/a> (kui ei ole avalikustamise piirangut), kuid seda alles kolm kuud peale kaitsmist.<br \/>\nKontakt: Linnar P\u00e4rn <a href=\"&#x6d;&#97;&#105;&#x6c;&#x74;&#111;&#58;&#x6c;&#x69;&#110;&#110;&#x61;&#x72;&#46;&#112;&#x61;&#x72;&#110;&#64;&#x65;&#x6d;&#117;&#46;&#x65;&#x65;\">&#x6c;&#105;&#110;n&#x61;&#x72;&#46;p&#x61;&#x72;&#110;&#64;e&#x6d;&#117;&#46;e&#x65;<\/a><\/li>\n<li>TalTech digikogus, kuhu p\u00e4\u00e4seb \u00a0l\u00e4bi TalTech <a href=\"http:\/\/digi.lib.ttu.ee\/\" target=\"_blank\" rel=\"noopener\">kodulehek\u00fclje<\/a><br \/>\nKontaktid: Jaan Kers \u00a0<a href=\"&#109;&#x61;i&#108;&#x74;o&#x3a;&#x6a;&#97;&#x61;n&#46;&#x6b;e&#114;&#x73;&#64;&#x74;a&#108;&#x74;e&#99;&#x68;&#46;&#x65;&#x65;\">j&#97;&#x61;&#x6e;&#46;&#107;&#101;&#x72;&#x73;&#64;&#116;&#x61;&#x6c;t&#101;&#99;&#x68;&#x2e;e&#101;<\/a> ja Targo Kalamees <a href=\"m&#97;&#105;&#x6c;&#x74;o&#58;&#116;&#x61;&#x72;&#x67;o&#46;&#107;&#x61;&#x6c;am&#101;&#x65;&#x73;&#x40;t&#97;&#108;&#x74;&#x65;ch&#46;&#x65;&#x65;\">&#x74;&#x61;&#x72;&#x67;&#111;&#46;&#107;al&#x61;&#x6d;&#x65;&#x65;&#x73;&#64;&#116;&#97;lt&#x65;&#x63;&#x68;&#x2e;&#x65;&#101;<\/a><\/li>\n<\/ul>\n<h3>L\u00f5put\u00f6\u00f6de preemiad<\/h3>\n<p>EMPL alustas 2004. aastal k\u00f5rgkoolide parimate metsa- ja puidut\u00f6\u00f6stusega seotud l\u00f5put\u00f6\u00f6de autorite tunnustamist ja premeerimist. Esimesed preemiad said Eesti Maa\u00fclikooli Metsandus- ja Maaehitusinstituudi metsat\u00f6\u00f6stuse magistrit\u00f6\u00f6de autorid. Aastal 2011 lisandus Tallinna Tehnika\u00fclikooli Inseneriteaduskonna puidutehnoloogia parima magistrit\u00f6\u00f6 autasu ning 2016 parima puitkonstruktsioonide (ehitus) teemaline preemia.<\/p>\n<p>Alates 2019 annab EMPL v\u00e4lja ka kutsehariduse preemiat parimale metsandusvaldkonna kutseeksamiga l\u00f5petanule.<\/p>\n<p>Aastal 2020 otsustas EMPL lisaks eelnevalt nimetatutele v\u00e4lja anda veel 2 preemiat: Eesti Maa\u00fclikooli Puidut\u00f6\u00f6tlemise tehnoloogia rakendusk\u00f5rghariduse ja Maaehituse inseneri\u00f5ppe magistri\u00f5ppe parimale puitkonstruktsioonide l\u00f5pet\u00f6\u00f6 autorile.<\/p>\n<p><strong>Alates 2020 aastast\u00a0jagatakse v\u00e4lja 6 preemiat: 5 k\u00f5rghariduses ja 1 kutsehariduses.<\/strong><\/p>\n<p><span style=\"text-decoration: underline;\">EMPL k\u00f5rghariduse preemiad parimate l\u00f5put\u00f6\u00f6de autoritele:<\/span><\/p>\n<ul>\n<li>EM\u00dc Metsanduse ja inseneeria instituudi metsat\u00f6\u00f6stuse magistrit\u00f6\u00f6\u2013 600\u20ac<\/li>\n<li>EM\u00dc Metsanduse ja inseneeria instituudi puitkonstruktsioonide (ehitus) magistrit\u00f6\u00f6 \u2013 600\u20ac<\/li>\n<li>EM\u00dc Metsanduse ja inseneeria instituudi puidut\u00f6\u00f6tlemise tehnoloogia rakendusk\u00f5rghariduse l\u00f5put\u00f6\u00f6-600\u20ac<\/li>\n<li>TalTech Inseneriteaduskonna puidutehnoloogia magistrit\u00f6\u00f6 \u2013 600\u20ac<\/li>\n<li>TalTech Inseneriteaduskonna puitkonstruktsioonide (ehitus) magistrit\u00f6\u00f6 \u2013 600\u20ac<\/li>\n<\/ul>\n<p>Parim magistrit\u00f6\u00f6 selgitatakse v\u00e4lja iga aasta kevadel kaitsmiskomisjoni ettepanekute alusel. Arvesse v\u00f5etakse t\u00f6\u00f6 hinnet \u00a0(suurep\u00e4rane) ja kvaliteeti. Eelk\u00f5ige hinnatakse l\u00f5put\u00f6\u00f6 autori\u00a0p\u00fchendumist t\u00f6\u00f6le ja tema p\u00e4devust ning teadmisi t\u00f6\u00f6 teemavaldkonna\u00a0l\u00e4bit\u00f6\u00f6tamisel. T\u00e4iendavalt arvestatakse t\u00f6\u00f6 eksperimentaalset iseloomu ja uusi tekkinud\u00a0teadmisi, samuti rakenduslikke v\u00f5imalusi Eesti metsa- ja puidut\u00f6\u00f6stuse arengule\u00a0kaasaaitamisel. T\u00f6\u00f6 peab olema avalikkusele k\u00e4ttesaadav.<\/p>\n<p><span style=\"text-decoration: underline;\">EMPL kutsehariduse preemia:<\/span><\/p>\n<p>Luua MK metsandusvaldkonna parim l\u00f5petaja \u2013 400\u20ac<br \/>\nParim l\u00f5petaja selgitatakse v\u00e4lja Luua MK komisjoni poolt metsandusvaldkonna kutsekeskharidus- v\u00f5i kutse\u00f5ppe l\u00f5petajate seast, kes on \u00f5ppekava l\u00f5petanud kutseeksamiga.<\/p>\n<h3>Preemiad:<\/h3>\n<p><strong>2022<\/strong><\/p>\n<ul>\n<li>Risto Nahksepp\u00a0\u201cKuumpressitud m\u00fckokomposiitide mehhaaniliste omaduste uurimine\u201d\u00a0(EM\u00dc rakendusk\u00f5rghariduse \u00f5ppekava)<br \/>\nJuhendaja: Regino Kask<\/li>\n<li>Karl Piksar \u2013 Metsandusvaldkonna metsuri \u00f5ppekava kutseeksamiga l\u00f5petanud (Luua MK).\u00a0Kutsehariduse preemia<\/li>\n<\/ul>\n<p><a href=\"https:\/\/empl.ee\/wp-content\/uploads\/2022\/11\/Loputoode-preemiad-arhiiv.pdf\">Arhiiv<\/a><\/p>\n","protected":false},"excerpt":{"rendered":"<p>Koolid Tallinna Tehnika\u00fclikool Puidutehnoloogia labor Eesti Maa\u00fclikool Metsanduse ja inseneeria instituut Luua Metsanduskool V\u00f5rumaa Kutsehariduskeskus Kaitstud magistrit\u00f6\u00f6d T\u00f6\u00f6dega saab tutvuda EM\u00dc digitaalarhiivis (kui&#8230;<\/p>\n","protected":false},"author":6,"featured_media":0,"parent":385,"menu_order":0,"comment_status":"closed","ping_status":"closed","template":"","meta":{"om_disable_all_campaigns":false,"footnotes":""},"class_list":["post-2563","page","type-page","status-publish","hentry"],"acf":[],"_links":{"self":[{"href":"https:\/\/empl.ee\/en\/wp-json\/wp\/v2\/pages\/2563","targetHints":{"allow":["GET"]}}],"collection":[{"href":"https:\/\/empl.ee\/en\/wp-json\/wp\/v2\/pages"}],"about":[{"href":"https:\/\/empl.ee\/en\/wp-json\/wp\/v2\/types\/page"}],"author":[{"embeddable":true,"href":"https:\/\/empl.ee\/en\/wp-json\/wp\/v2\/users\/6"}],"replies":[{"embeddable":true,"href":"https:\/\/empl.ee\/en\/wp-json\/wp\/v2\/comments?post=2563"}],"version-history":[{"count":2,"href":"https:\/\/empl.ee\/en\/wp-json\/wp\/v2\/pages\/2563\/revisions"}],"predecessor-version":[{"id":2626,"href":"https:\/\/empl.ee\/en\/wp-json\/wp\/v2\/pages\/2563\/revisions\/2626"}],"up":[{"embeddable":true,"href":"https:\/\/empl.ee\/en\/wp-json\/wp\/v2\/pages\/385"}],"wp:attachment":[{"href":"https:\/\/empl.ee\/en\/wp-json\/wp\/v2\/media?parent=2563"}],"curies":[{"name":"wp","href":"https:\/\/api.w.org\/{rel}","templated":true}]}}